{"id":468,"date":"2024-05-16T20:45:06","date_gmt":"2024-05-16T18:45:06","guid":{"rendered":"https:\/\/wohnen-fuer-hilfe-landau.de\/?page_id=468"},"modified":"2026-03-02T08:58:46","modified_gmt":"2026-03-02T07:58:46","slug":"wohnen-im-alter-wohnen-fuer-hilfe","status":"publish","type":"page","link":"https:\/\/wohnen-fuer-hilfe-landau.de\/","title":{"rendered":"Wohnen&#8230;"},"content":{"rendered":"\t\t<div data-elementor-type=\"wp-page\" data-elementor-id=\"468\" class=\"elementor elementor-468\">\n\t\t\t\t\t\t<section class=\"elementor-section elementor-top-section elementor-element elementor-element-734ba93 elementor-section-boxed elementor-section-height-default elementor-section-height-default\" data-id=\"734ba93\" data-element_type=\"section\">\n\t\t\t\t\t\t<div class=\"elementor-container elementor-column-gap-default\">\n\t\t\t\t\t<div class=\"elementor-column elementor-col-50 elementor-top-column elementor-element elementor-element-65e96b9\" data-id=\"65e96b9\" data-element_type=\"column\">\n\t\t\t<div class=\"elementor-widget-wrap\">\n\t\t\t\t\t\t\t<\/div>\n\t\t<\/div>\n\t\t\t\t<div class=\"elementor-column elementor-col-50 elementor-top-column elementor-element elementor-element-200f62b\" data-id=\"200f62b\" data-element_type=\"column\">\n\t\t\t<div class=\"elementor-widget-wrap elementor-element-populated\">\n\t\t\t\t\t\t<div class=\"elementor-element elementor-element-650a1f4 elementor-widget elementor-widget-image\" data-id=\"650a1f4\" data-element_type=\"widget\" data-widget_type=\"image.default\">\n\t\t\t\t<div class=\"elementor-widget-container\">\n\t\t\t\t\t\t\t\t\t\t\t\t\t\t\t<img fetchpriority=\"high\" decoding=\"async\" width=\"777\" height=\"407\" src=\"https:\/\/wohnen-fuer-hilfe-landau.de\/wp-content\/uploads\/2024\/05\/Wohnen-im-Alter-3trans-777x407-1.gif\" class=\"attachment-large size-large wp-image-561\" alt=\"Wohnen im Alter\" \/>\t\t\t\t\t\t\t\t\t\t\t\t\t\t\t<\/div>\n\t\t\t\t<\/div>\n\t\t\t\t\t<\/div>\n\t\t<\/div>\n\t\t\t\t\t<\/div>\n\t\t<\/section>\n\t\t\t\t<section class=\"elementor-section elementor-top-section elementor-element elementor-element-665c437 elementor-section-boxed elementor-section-height-default elementor-section-height-default\" data-id=\"665c437\" data-element_type=\"section\">\n\t\t\t\t\t\t<div class=\"elementor-container elementor-column-gap-default\">\n\t\t\t\t\t<div class=\"elementor-column elementor-col-100 elementor-top-column elementor-element elementor-element-59c57a5\" data-id=\"59c57a5\" data-element_type=\"column\">\n\t\t\t<div class=\"elementor-widget-wrap elementor-element-populated\">\n\t\t\t\t\t\t<div class=\"elementor-element elementor-element-4dac8af elementor-widget elementor-widget-text-editor\" data-id=\"4dac8af\" data-element_type=\"widget\" data-widget_type=\"text-editor.default\">\n\t\t\t\t<div class=\"elementor-widget-container\">\n\t\t\t\t\t\t\t\t\t<p align=\"justify\"><b>Vortrag: Sorgende Gemeinschaft<\/b><\/p><p align=\"justify\">Wie verstehen sich die Akteure, im Gemeinwesen f\u00fcreinander Sorge zu tragen und welche Rolle spielt jede einzelne Person darin. Die Servicestelle Wohnen im Alter und die st\u00e4dt. Beauftragte f\u00fcr die Belange \u00e4lterer Menschen laden zu einer partizipativen Veranstaltung ein. Die Referentin Frau Tr\u00fcbenbach-Klie spricht aus langj\u00e4hrigen beruflichen und pers\u00f6nlichen Erfahrungen zum Thema.<\/p><p align=\"justify\"><strong>Wann<\/strong>:\u00a0\u00a0Dienstag, 28.04.2026 um 17 Uhr<\/p><p align=\"justify\"><strong>Wo<\/strong>:\u00a0Diakonissen Bethesda Landau<\/p><p align=\"justify\"><strong>Anmeldung: <\/strong>bis 23.04.2026 <br \/>bei Frau Sprengling Tel. 06341 13-5016<br \/>oder Mail <u><a href=\"mailto:ulrike.sprengling@landau.de\">ulrike.sprengling@landau.de<\/a><\/u>.<\/p><p align=\"justify\"><b>Was ist eine Sorgende Gemeinschaft?<br \/><\/b>Sorgende Gemeinschaften st\u00e4rken \u00abdie vorausschauende anteilnehmende Verantwortungs\u00fcbernahme f\u00fcr sich und f\u00fcr andere\u00bb (Klie 2014) und bearbeiten damit wesentliche gesellschaftspolitische Herausforderungen. Wenn Menschen die Bereitschaft entwickeln, Mitverantwortung f\u00fcr sich und andere zu tragen und lebendige Sorgenetzwerke bilden, tr\u00e4gt dies zur Versorgungssicherheit bei, schafft M\u00f6glichkeiten der sozialen Teilhabe und st\u00e4rkt das Vertrauen in die Nachbarschaft.<\/p><p align=\"justify\">Eine Sorgende Gemeinschaft basiert auf einem gemeinschaftlichen Sorgeverst\u00e4ndnis. Das bedeutet: Es geht um gemeinsame Verantwortung und Gestaltung der Sorge f\u00fcreinander, verstanden als eine positive Art der Aufmerksamkeit f\u00fcreinander. Sorgende Gemeinschaft zielt deshalb in Richtung einer neuen Sorgekultur. Dabei kann und soll der Sorgebedarf nicht allein durch professionelle Organisationen gedeckt werden, sondern durch ein Zusammenwirken von Familien, Nachbarschaften, zivilgesellschaftlich Engagierten, professionellen Dienstleistenden und staatlichen sowie karitativen Institutionen.<\/p><p align=\"justify\">Sorgende Gemeinschaft ist eine Art Leitidee. Um was es dabei konkret gehen soll, muss immer lokal durch die vor Ort engagierten Personen und involvierten Organisationen gemeinsam bestimmt und durch konkrete Aktionen mit Inhalt gef\u00fcllt werden.<\/p><p align=\"justify\">Jede und jeder Einzelne kann hier aktiv werden und Initiative ergreifen, um diese Sorgekultur zum Leben zu erwecken.<\/p><p align=\"justify\">Wichtig ist dabei, dass die angestrebte Sorgekultur keine Einbahnstra\u00dfe bleibt. Im Zentrum steht vielmehr die Idee des Tausches: alle k\u00f6nnen etwas einbringen \u2013 alle k\u00f6nnen etwas erhalten; jede und jeder auf ihre oder seine Weise und im Rahmen der vorhandenen M\u00f6glichkeiten.\u00a0<\/p><p align=\"justify\">Quelle: \u00abBausteine Sorgende Gemeinschaft\u00bb ist ein Gemeinschaftswerk des Projektteams CareComLabs, das vom Schweizerischen Nationalfonds im Rahmen des Nationalen Forschungsprogramms NFP 74 gef\u00f6rdert wurde.<\/p><p align=\"justify\"><b>Servicestelle Wohnen im Alter<br \/><\/b>Zu allen Aspekten des Themas Wohnen im Alter bietet Ihnen die Servicestelle auch Einzelberatung an. Bei Interesse vereinbaren Sie gerne einen Termin unter Tel.: 0173 8523756 oder <span lang=\"en-US\">Mail: <\/span><u><a href=\"mailto:wohnen-im-alter-landau@t-online.de\"><span lang=\"en-US\">wohnen-im-alter-landau@t-online.de<\/span><\/a><\/u><\/p><p align=\"justify\">\u00a0<\/p>\t\t\t\t\t\t\t\t<\/div>\n\t\t\t\t<\/div>\n\t\t\t\t\t<\/div>\n\t\t<\/div>\n\t\t\t\t\t<\/div>\n\t\t<\/section>\n\t\t\t\t<section class=\"elementor-section elementor-top-section elementor-element elementor-element-9a8f8a6 elementor-section-boxed elementor-section-height-default elementor-section-height-default\" data-id=\"9a8f8a6\" data-element_type=\"section\">\n\t\t\t\t\t\t<div class=\"elementor-container elementor-column-gap-default\">\n\t\t\t\t\t<div class=\"elementor-column elementor-col-50 elementor-top-column elementor-element elementor-element-36be370\" data-id=\"36be370\" data-element_type=\"column\">\n\t\t\t<div class=\"elementor-widget-wrap elementor-element-populated\">\n\t\t\t\t\t\t<div class=\"elementor-element elementor-element-54fe3f1 elementor-widget__width-initial elementor-widget elementor-widget-text-editor\" data-id=\"54fe3f1\" data-element_type=\"widget\" data-widget_type=\"text-editor.default\">\n\t\t\t\t<div class=\"elementor-widget-container\">\n\t\t\t\t\t\t\t\t\t<p style=\"text-align: center\"><strong>Servicestelle \u201eWohnen im Alter\u201c<\/strong><\/p><p>Wohnen im Alter stellt eine Servicestelle dar f\u00fcr Menschen, die sich mit den verschiedenen Aspekten des Wohnens im Alter auseinandersetzen &#8211; Menschen, welche wissen wollen, wie sie Ihre Wohnsituation im Alltag gestalten k\u00f6nnen mit all den Spezifika, die das \u00c4lterwerden mit sich bringt. Wohnen im Alter soll das Thema insofern vereinfachen, als dass m\u00f6glichst viele Informationen f\u00fcr die Stadt Landau in der Pfalz an einer Stelle gesammelt und damit abrufbar sind.<\/p><p>\u00c4lteren Menschen sowie deren An- und Zugeh\u00f6rigen soll es erm\u00f6glicht werden niederschwellig Kontakt aufnehmen zu k\u00f6nnen, um Unterst\u00fctzung und Informationen aller Art zu diesem Thema zu bekommen und, wenn n\u00f6tig, an entsprechende Fachinstitutionen weitergeleitet zu werden.<\/p><p>Schwerpunkte der Servicestelle sind dabei Informationsgespr\u00e4che sowie \u00f6ffentliche Veranstaltungen zu den verschiedenen Aspekten des Themas Wohnen im Alter.<\/p><p style=\"text-align: left\">Termine nach Vereinbarung.<\/p><p>Tel. <a href=\"tel:0173 8523756\">0173 8523756<\/a><\/p><p>Email:<br \/><a href=\"mailto:wohnen-im-alter-landau@t-online.de\">wohnen-im-alter-landau@t-online.de<\/a><\/p>\t\t\t\t\t\t\t\t<\/div>\n\t\t\t\t<\/div>\n\t\t\t\t\t<\/div>\n\t\t<\/div>\n\t\t\t\t<div class=\"elementor-column elementor-col-50 elementor-top-column elementor-element elementor-element-869d781\" data-id=\"869d781\" data-element_type=\"column\">\n\t\t\t<div class=\"elementor-widget-wrap elementor-element-populated\">\n\t\t\t\t\t\t\t<\/div>\n\t\t<\/div>\n\t\t\t\t\t<\/div>\n\t\t<\/section>\n\t\t\t\t<\/div>\n\t\t","protected":false},"excerpt":{"rendered":"Vortrag: Sorgende Gemeinschaft Wie verstehen sich die Akteure, im Gemeinwesen f\u00fcreinander Sorge zu tragen und welche Rolle spielt jede einzelne Person darin. [&hellip;]","protected":false},"author":1,"featured_media":0,"parent":0,"menu_order":0,"comment_status":"closed","ping_status":"closed","template":"","meta":{"footnotes":""},"_links":{"self":[{"href":"https:\/\/wohnen-fuer-hilfe-landau.de\/index.php?rest_route=\/wp\/v2\/pages\/468"}],"collection":[{"href":"https:\/\/wohnen-fuer-hilfe-landau.de\/index.php?rest_route=\/wp\/v2\/pages"}],"about":[{"href":"https:\/\/wohnen-fuer-hilfe-landau.de\/index.php?rest_route=\/wp\/v2\/types\/page"}],"author":[{"embeddable":true,"href":"https:\/\/wohnen-fuer-hilfe-landau.de\/index.php?rest_route=\/wp\/v2\/users\/1"}],"replies":[{"embeddable":true,"href":"https:\/\/wohnen-fuer-hilfe-landau.de\/index.php?rest_route=%2Fwp%2Fv2%2Fcomments&post=468"}],"version-history":[{"count":103,"href":"https:\/\/wohnen-fuer-hilfe-landau.de\/index.php?rest_route=\/wp\/v2\/pages\/468\/revisions"}],"predecessor-version":[{"id":710,"href":"https:\/\/wohnen-fuer-hilfe-landau.de\/index.php?rest_route=\/wp\/v2\/pages\/468\/revisions\/710"}],"wp:attachment":[{"href":"https:\/\/wohnen-fuer-hilfe-landau.de\/index.php?rest_route=%2Fwp%2Fv2%2Fmedia&parent=468"}],"curies":[{"name":"wp","href":"https:\/\/api.w.org\/{rel}","templated":true}]}}